{"id":4764,"date":"2025-04-13T20:16:14","date_gmt":"2025-04-13T20:16:14","guid":{"rendered":"https:\/\/soulcialbridges.com\/?page_id=4764"},"modified":"2025-04-18T14:11:38","modified_gmt":"2025-04-18T14:11:38","slug":"serviceangebote-fuer-privatpersonen","status":"publish","type":"page","link":"https:\/\/soulcialbridges.com\/en\/services\/serviceangebote-fuer-privatpersonen\/","title":{"rendered":"Serviceangebote f\u00fcr Privatpersonen"},"content":{"rendered":"<div data-elementor-type=\"wp-page\" data-elementor-id=\"4764\" class=\"elementor elementor-4764\">\n\t\t\t\t<div class=\"elementor-element elementor-element-c93912a e-flex e-con-boxed e-con e-parent\" data-id=\"c93912a\" data-element_type=\"container\" data-e-type=\"container\" data-settings=\"{&quot;background_background&quot;:&quot;classic&quot;}\">\n\t\t\t\t\t<div class=\"e-con-inner\">\n\t\t\t\t<div class=\"elementor-element elementor-element-f927337 elementor-widget elementor-widget-heading\" data-id=\"f927337\" data-element_type=\"widget\" data-e-type=\"widget\" data-widget_type=\"heading.default\">\n\t\t\t\t<div class=\"elementor-widget-container\">\n\t\t\t\t\t<h1 class=\"elementor-heading-title elementor-size-default\">Services <br>Private clients<\/h1>\t\t\t\t<\/div>\n\t\t\t\t<\/div>\n\t\t\t\t\t<\/div>\n\t\t\t\t<\/div>\n\t\t<div class=\"elementor-element elementor-element-6bf09dc e-flex e-con-boxed e-con e-parent\" data-id=\"6bf09dc\" data-element_type=\"container\" data-e-type=\"container\">\n\t\t\t\t\t<div class=\"e-con-inner\">\n\t\t\t\t<div class=\"elementor-element elementor-element-e385a82 elementor-widget elementor-widget-text-editor\" data-id=\"e385a82\" data-element_type=\"widget\" data-e-type=\"widget\" data-widget_type=\"text-editor.default\">\n\t\t\t\t<div class=\"elementor-widget-container\">\n\t\t\t\t\t\t\t\t\t<p><strong>\u00a0<\/strong><\/p><p><strong>\u00a0<\/strong><\/p><p><strong>Consultation &amp; assistance in all official matters<\/strong><\/p><ul><li>Assistance with applications &amp; communication with job center, the social welfare office, the immigration office, the child benefit office, the local and administrative court, etc.<\/li><\/ul><p><strong>Housing advice &amp; support<\/strong><\/p><ul><li>Application for WBS, help with finding accommodation, housing advice, assistance &amp; conflict mediation with landlords &amp; neighbors in the case of problems, etc.<\/li><\/ul><p><strong>Consultation &amp; support on the topic of work<\/strong><\/p><ul><li>Finding a job, application training &amp; preparing application documents, finding apprenticeships and further training-courses, communicating with employers in the event of problems, etc.<\/li><\/ul><p><strong>Guidance &amp; support on the topic of daycare\/kindergarden &amp; school<\/strong><\/p><ul><li>Search for childcare\/kindergarden place, assistance for school registration, help with applications for after-school care (Hort) and applications for education and participation (BuT), etc.<\/li><\/ul><p><strong>Advice &amp; support on the topic of health &amp; care<\/strong><\/p><ul><li>Coordination of medical appointments, applications for disability recognition, communication with health insurance companies, etc.<\/li><\/ul><p><strong>(psycho-) social counseling in crisis management situations<\/strong><\/p><ul><li>Help in special psychological situations (such as depression, suicidal tendencies, etc.), addiction or debt problems, counseling in cases of domestic violence and child protection issues, etc.<\/li><\/ul><p>(Involvement &amp; referral advice to specialist agencies if necessary)<\/p><p><strong>If you wish, accompaniment &amp; support for all types of appointments<\/strong><\/p>\t\t\t\t\t\t\t\t<\/div>\n\t\t\t\t<\/div>\n\t\t\t\t\t<\/div>\n\t\t\t\t<\/div>\n\t\t<div class=\"elementor-element elementor-element-4fa9149 e-flex e-con-boxed e-con e-parent\" data-id=\"4fa9149\" data-element_type=\"container\" data-e-type=\"container\" data-settings=\"{&quot;background_background&quot;:&quot;classic&quot;}\">\n\t\t\t\t\t<div class=\"e-con-inner\">\n\t\t<div class=\"elementor-element elementor-element-7f676a8 e-con-full e-flex e-con e-child\" data-id=\"7f676a8\" data-element_type=\"container\" data-e-type=\"container\">\n\t\t<div class=\"elementor-element elementor-element-b76b6ed e-con-full e-flex e-con e-child\" data-id=\"b76b6ed\" data-element_type=\"container\" data-e-type=\"container\">\n\t\t\t\t<div class=\"elementor-element elementor-element-5de9e75 elementor-widget elementor-widget-text-editor\" data-id=\"5de9e75\" data-element_type=\"widget\" data-e-type=\"widget\" data-widget_type=\"text-editor.default\">\n\t\t\t\t<div class=\"elementor-widget-container\">\n\t\t\t\t\t\t\t\t\t<p><strong>Powerful together<\/strong><\/p><p>side by side<\/p>\t\t\t\t\t\t\t\t<\/div>\n\t\t\t\t<\/div>\n\t\t\t\t<div class=\"elementor-element elementor-element-c52829b elementor-mobile-align-justify elementor-widget-mobile__width-inherit elementor-align-center elementor-widget elementor-widget-button\" data-id=\"c52829b\" data-element_type=\"widget\" data-e-type=\"widget\" data-widget_type=\"button.default\">\n\t\t\t\t<div class=\"elementor-widget-container\">\n\t\t\t\t\t\t\t\t\t<div class=\"elementor-button-wrapper\">\n\t\t\t\t\t<a class=\"elementor-button elementor-button-link elementor-size-sm\" href=\"\/en\/contact\/\">\n\t\t\t\t\t\t<span class=\"elementor-button-content-wrapper\">\n\t\t\t\t\t\t\t\t\t<span class=\"elementor-button-text\">get in contact<\/span>\n\t\t\t\t\t<\/span>\n\t\t\t\t\t<\/a>\n\t\t\t\t<\/div>\n\t\t\t\t\t\t\t\t<\/div>\n\t\t\t\t<\/div>\n\t\t\t\t<\/div>\n\t\t\t\t<\/div>\n\t\t\t\t\t<\/div>\n\t\t\t\t<\/div>\n\t\t<div class=\"elementor-element elementor-element-bef7f95 e-flex e-con-boxed e-con e-parent\" data-id=\"bef7f95\" data-element_type=\"container\" data-e-type=\"container\" data-settings=\"{&quot;background_background&quot;:&quot;classic&quot;}\">\n\t\t\t\t\t<div class=\"e-con-inner\">\n\t\t<div class=\"elementor-element elementor-element-9b72d69 e-con-full e-flex e-con e-child\" data-id=\"9b72d69\" data-element_type=\"container\" data-e-type=\"container\">\n\t\t<div class=\"elementor-element elementor-element-0c9d385 e-con-full e-flex e-con e-child\" data-id=\"0c9d385\" data-element_type=\"container\" data-e-type=\"container\">\n\t\t\t\t<div class=\"elementor-element elementor-element-8488122 elementor-widget elementor-widget-image\" data-id=\"8488122\" data-element_type=\"widget\" data-e-type=\"widget\" data-widget_type=\"image.default\">\n\t\t\t\t<div class=\"elementor-widget-container\">\n\t\t\t\t\t\t\t\t\t\t\t\t\t\t\t<img fetchpriority=\"high\" decoding=\"async\" width=\"2100\" height=\"1500\" src=\"https:\/\/soulcialbridges.com\/wp-content\/uploads\/2025\/04\/Manja-Thieme_20250414_191819_0000.png\" class=\"attachment-full size-full wp-image-4850\" alt=\"\" srcset=\"https:\/\/soulcialbridges.com\/wp-content\/uploads\/2025\/04\/Manja-Thieme_20250414_191819_0000.png 2100w, https:\/\/soulcialbridges.com\/wp-content\/uploads\/2025\/04\/Manja-Thieme_20250414_191819_0000-300x214.png 300w, https:\/\/soulcialbridges.com\/wp-content\/uploads\/2025\/04\/Manja-Thieme_20250414_191819_0000-1024x731.png 1024w, https:\/\/soulcialbridges.com\/wp-content\/uploads\/2025\/04\/Manja-Thieme_20250414_191819_0000-768x549.png 768w, https:\/\/soulcialbridges.com\/wp-content\/uploads\/2025\/04\/Manja-Thieme_20250414_191819_0000-1536x1097.png 1536w, https:\/\/soulcialbridges.com\/wp-content\/uploads\/2025\/04\/Manja-Thieme_20250414_191819_0000-2048x1463.png 2048w\" sizes=\"(max-width: 2100px) 100vw, 2100px\" \/>\t\t\t\t\t\t\t\t\t\t\t\t\t\t\t<\/div>\n\t\t\t\t<\/div>\n\t\t\t\t<\/div>\n\t\t<div class=\"elementor-element elementor-element-5dff89a e-con-full e-flex e-con e-child\" data-id=\"5dff89a\" data-element_type=\"container\" data-e-type=\"container\">\n\t\t\t\t<div class=\"elementor-element elementor-element-91081e9 elementor-widget elementor-widget-heading\" data-id=\"91081e9\" data-element_type=\"widget\" data-e-type=\"widget\" data-widget_type=\"heading.default\">\n\t\t\t\t<div class=\"elementor-widget-container\">\n\t\t\t\t\t<h3 class=\"elementor-heading-title elementor-size-default\">Working with Soulcial Bridges<\/h3>\t\t\t\t<\/div>\n\t\t\t\t<\/div>\n\t\t\t\t<div class=\"elementor-element elementor-element-274a25d elementor-widget elementor-widget-text-editor\" data-id=\"274a25d\" data-element_type=\"widget\" data-e-type=\"widget\" data-widget_type=\"text-editor.default\">\n\t\t\t\t<div class=\"elementor-widget-container\">\n\t\t\t\t\t\t\t\t\t<p>After the initial contact, <strong>you\u02cbll get a free consultation<\/strong>and we discuss possible approaches and framework conditions for our cooperation.\u00a0<\/p>\t\t\t\t\t\t\t\t<\/div>\n\t\t\t\t<\/div>\n\t\t\t\t<div class=\"elementor-element elementor-element-b11b020 elementor-widget elementor-widget-text-editor\" data-id=\"b11b020\" data-element_type=\"widget\" data-e-type=\"widget\" data-widget_type=\"text-editor.default\">\n\t\t\t\t<div class=\"elementor-widget-container\">\n\t\t\t\t\t\t\t\t\t<p>All consultations &amp; coachings can be flexibly carried out on site or online - whichever suits you best!<\/p>\t\t\t\t\t\t\t\t<\/div>\n\t\t\t\t<\/div>\n\t\t\t\t<\/div>\n\t\t\t\t<\/div>\n\t\t\t\t\t<\/div>\n\t\t\t\t<\/div>\n\t\t<div class=\"elementor-element elementor-element-16ed689 e-flex e-con-boxed e-con e-parent\" data-id=\"16ed689\" data-element_type=\"container\" data-e-type=\"container\" data-settings=\"{&quot;background_background&quot;:&quot;classic&quot;}\">\n\t\t\t\t\t<div class=\"e-con-inner\">\n\t\t\t\t<div class=\"elementor-element elementor-element-816dc98 elementor-widget elementor-widget-heading\" data-id=\"816dc98\" data-element_type=\"widget\" data-e-type=\"widget\" data-widget_type=\"heading.default\">\n\t\t\t\t<div class=\"elementor-widget-container\">\n\t\t\t\t\t<h2 class=\"elementor-heading-title elementor-size-default\">Bridging the gap <br>&amp; connect <\/h2>\t\t\t\t<\/div>\n\t\t\t\t<\/div>\n\t\t\t\t<div class=\"elementor-element elementor-element-f067fd6 elementor-align-center elementor-widget elementor-widget-button\" data-id=\"f067fd6\" data-element_type=\"widget\" data-e-type=\"widget\" data-widget_type=\"button.default\">\n\t\t\t\t<div class=\"elementor-widget-container\">\n\t\t\t\t\t\t\t\t\t<div class=\"elementor-button-wrapper\">\n\t\t\t\t\t<a class=\"elementor-button elementor-button-link elementor-size-sm\" href=\"\/en\/contact\/\">\n\t\t\t\t\t\t<span class=\"elementor-button-content-wrapper\">\n\t\t\t\t\t\t\t\t\t<span class=\"elementor-button-text\">get in contact<\/span>\n\t\t\t\t\t<\/span>\n\t\t\t\t\t<\/a>\n\t\t\t\t<\/div>\n\t\t\t\t\t\t\t\t<\/div>\n\t\t\t\t<\/div>\n\t\t\t\t\t<\/div>\n\t\t\t\t<\/div>\n\t\t\t\t<\/div>","protected":false},"excerpt":{"rendered":"<p>Serviceangebote Privatpersonen \u00a0 \u00a0 Beratung &amp; Unterst\u00fctzung in allen beh\u00f6rdlichen Angelegenheiten Hilfe bei Antr\u00e4gen &amp; in der Kommunikation mit dem Jobcenter, dem Sozialamt, der Ausl\u00e4nderbeh\u00f6rde, der Kindergeldstelle, dem Amts &#8211; &amp; dem Verwaltungsgericht u.a. Beratung &amp; Unterst\u00fctzung zum Thema Wohnen WBS-Beantragung, Hilfe bei der Wohnungssuche, Wohneinstiegsberatung, Hilfe &amp; Konfliktvermittlung mit Vermietern &amp; Nachbarn bei Problemen [&hellip;]<\/p>\n","protected":false},"author":1,"featured_media":0,"parent":3605,"menu_order":0,"comment_status":"closed","ping_status":"closed","template":"","meta":{"site-sidebar-layout":"no-sidebar","site-content-layout":"page-builder","ast-site-content-layout":"full-width-container","site-content-style":"unboxed","site-sidebar-style":"unboxed","ast-global-header-display":"disabled","ast-banner-title-visibility":"","ast-main-header-display":"","ast-hfb-above-header-display":"","ast-hfb-below-header-display":"","ast-hfb-mobile-header-display":"","site-post-title":"disabled","ast-breadcrumbs-content":"","ast-featured-img":"disabled","footer-sml-layout":"","ast-disable-related-posts":"","theme-transparent-header-meta":"enabled","adv-header-id-meta":"","stick-header-meta":"","header-above-stick-meta":"","header-main-stick-meta":"","header-below-stick-meta":"","astra-migrate-meta-layouts":"set","ast-page-background-enabled":"default","ast-page-background-meta":{"desktop":{"background-color":"var(--ast-global-color-4)","background-image":"","background-repeat":"repeat","background-position":"center center","background-size":"auto","background-attachment":"scroll","background-type":"","background-media":"","overlay-type":"","overlay-color":"","overlay-opacity":"","overlay-gradient":""},"tablet":{"background-color":"","background-image":"","background-repeat":"repeat","background-position":"center center","background-size":"auto","background-attachment":"scroll","background-type":"","background-media":"","overlay-type":"","overlay-color":"","overlay-opacity":"","overlay-gradient":""},"mobile":{"background-color":"","background-image":"","background-repeat":"repeat","background-position":"center center","background-size":"auto","background-attachment":"scroll","background-type":"","background-media":"","overlay-type":"","overlay-color":"","overlay-opacity":"","overlay-gradient":""}},"ast-content-background-meta":{"desktop":{"background-color":"var(--ast-global-color-5)","background-image":"","background-repeat":"repeat","background-position":"center center","background-size":"auto","background-attachment":"scroll","background-type":"","background-media":"","overlay-type":"","overlay-color":"","overlay-opacity":"","overlay-gradient":""},"tablet":{"background-color":"var(--ast-global-color-5)","background-image":"","background-repeat":"repeat","background-position":"center center","background-size":"auto","background-attachment":"scroll","background-type":"","background-media":"","overlay-type":"","overlay-color":"","overlay-opacity":"","overlay-gradient":""},"mobile":{"background-color":"var(--ast-global-color-5)","background-image":"","background-repeat":"repeat","background-position":"center center","background-size":"auto","background-attachment":"scroll","background-type":"","background-media":"","overlay-type":"","overlay-color":"","overlay-opacity":"","overlay-gradient":""}},"footnotes":""},"class_list":["post-4764","page","type-page","status-publish","hentry"],"_links":{"self":[{"href":"https:\/\/soulcialbridges.com\/en\/wp-json\/wp\/v2\/pages\/4764","targetHints":{"allow":["GET"]}}],"collection":[{"href":"https:\/\/soulcialbridges.com\/en\/wp-json\/wp\/v2\/pages"}],"about":[{"href":"https:\/\/soulcialbridges.com\/en\/wp-json\/wp\/v2\/types\/page"}],"author":[{"embeddable":true,"href":"https:\/\/soulcialbridges.com\/en\/wp-json\/wp\/v2\/users\/1"}],"replies":[{"embeddable":true,"href":"https:\/\/soulcialbridges.com\/en\/wp-json\/wp\/v2\/comments?post=4764"}],"version-history":[{"count":64,"href":"https:\/\/soulcialbridges.com\/en\/wp-json\/wp\/v2\/pages\/4764\/revisions"}],"predecessor-version":[{"id":5168,"href":"https:\/\/soulcialbridges.com\/en\/wp-json\/wp\/v2\/pages\/4764\/revisions\/5168"}],"up":[{"embeddable":true,"href":"https:\/\/soulcialbridges.com\/en\/wp-json\/wp\/v2\/pages\/3605"}],"wp:attachment":[{"href":"https:\/\/soulcialbridges.com\/en\/wp-json\/wp\/v2\/media?parent=4764"}],"curies":[{"name":"wp","href":"https:\/\/api.w.org\/{rel}","templated":true}]}}